{"id":131,"date":"2019-10-21T10:01:17","date_gmt":"2019-10-21T10:01:17","guid":{"rendered":"https:\/\/bridge269.qodeinteractive.com\/?page_id=131"},"modified":"2023-11-09T02:44:12","modified_gmt":"2023-11-09T05:44:12","slug":"contact","status":"publish","type":"page","link":"https:\/\/termasdepichicolo.cl\/?page_id=131","title":{"rendered":"Contactanos"},"content":{"rendered":"\t\t<div data-elementor-type=\"wp-page\" data-elementor-id=\"131\" class=\"elementor elementor-131\" data-elementor-post-type=\"page\">\n\t\t\t\t\t\t<section class=\"elementor-section elementor-top-section elementor-element elementor-element-db7bc20 elementor-section-boxed elementor-section-height-default elementor-section-height-default\" data-id=\"db7bc20\" data-element_type=\"section\">\n\t\t\t\t\t\t<div class=\"elementor-container elementor-column-gap-default\">\n\t\t\t\t\t<div class=\"elementor-column elementor-col-50 elementor-top-column elementor-element elementor-element-daa1823\" data-id=\"daa1823\" data-element_type=\"column\">\n\t\t\t<div class=\"elementor-widget-wrap elementor-element-populated\">\n\t\t\t\t\t\t<div class=\"elementor-element elementor-element-3298fa8 elementor-widget elementor-widget-text-editor\" data-id=\"3298fa8\" data-element_type=\"widget\" data-widget_type=\"text-editor.default\">\n\t\t\t\t<div class=\"elementor-widget-container\">\n\t\t\t\t\t\t\t\t\t<h5>Si deseas ponerte en contacto o necesitas ayuda para llegar:<\/h5>\t\t\t\t\t\t\t\t<\/div>\n\t\t\t\t<\/div>\n\t\t\t\t<div class=\"elementor-element elementor-element-67e7611 elementor-widget elementor-widget-text-editor\" data-id=\"67e7611\" data-element_type=\"widget\" data-widget_type=\"text-editor.default\">\n\t\t\t\t<div class=\"elementor-widget-container\">\n\t\t\t\t\t\t\t\t\t<h2>Conversemos<\/h2><h2>\u00a0<\/h2>\t\t\t\t\t\t\t\t<\/div>\n\t\t\t\t<\/div>\n\t\t\t\t<div class=\"elementor-element elementor-element-c839eb3 elementor-widget elementor-widget-text-editor\" data-id=\"c839eb3\" data-element_type=\"widget\" data-widget_type=\"text-editor.default\">\n\t\t\t\t<div class=\"elementor-widget-container\">\n\t\t\t\t\t\t\t\t\t<p><span style=\"color: #ffffff\">Para llegar a Termas de Pichicolo, desde Puerto Montt, puedes seguir dos rutas diferentes, una viajando desde esta ciudad,&nbsp; por la carretera austral, que incluye un viaje en ferry (La Arena-Puelche) y la otra, haciendo la circunvalaci\u00f3n por Puelo, donde todo el camino es v\u00eda terrestre. Si necesitas m\u00e1s informaci\u00f3n acerca de esto visita el siguiente link:<\/span><\/p>\t\t\t\t\t\t\t\t<\/div>\n\t\t\t\t<\/div>\n\t\t\t\t<div class=\"elementor-element elementor-element-8b4e627 elementor-widget__width-initial elementor-widget elementor-widget-qi_addons_for_elementor_button\" data-id=\"8b4e627\" data-element_type=\"widget\" data-widget_type=\"qi_addons_for_elementor_button.default\">\n\t\t\t\t<div class=\"elementor-widget-container\">\n\t\t\t\t\t<a class=\"qodef-shortcode qodef-m qodef-qi-button qodef-html--link qodef-layout--filled qodef-type--standard qodef-icon--right qodef-hover--icon-move-horizontal-short\" href=\"https:\/\/www.facebook.com\/termasdepichicolo\" target=\"_self\">\n\t<span class=\"qodef-m-text\">Facebook<\/span>\n\t<\/a>\n\t\t\t\t<\/div>\n\t\t\t\t<\/div>\n\t\t\t\t<div class=\"elementor-element elementor-element-db402da elementor-widget__width-initial elementor-widget elementor-widget-qi_addons_for_elementor_button\" data-id=\"db402da\" data-element_type=\"widget\" data-widget_type=\"qi_addons_for_elementor_button.default\">\n\t\t\t\t<div class=\"elementor-widget-container\">\n\t\t\t\t\t<a class=\"qodef-shortcode qodef-m qodef-qi-button qodef-html--link qodef-layout--filled qodef-type--standard qodef-icon--right qodef-hover--icon-move-horizontal-short\" href=\"https:\/\/www.instagram.com\/termaspichicolo\/\" target=\"_self\">\n\t<span class=\"qodef-m-text\">Instagram<\/span>\n\t<\/a>\n\t\t\t\t<\/div>\n\t\t\t\t<\/div>\n\t\t\t\t\t<\/div>\n\t\t<\/div>\n\t\t\t\t<div class=\"elementor-column elementor-col-50 elementor-top-column elementor-element elementor-element-6f331a10\" data-id=\"6f331a10\" data-element_type=\"column\">\n\t\t\t<div class=\"elementor-widget-wrap elementor-element-populated\">\n\t\t\t\t\t\t<div class=\"elementor-element elementor-element-74ab14e elementor-widget elementor-widget-google_maps\" data-id=\"74ab14e\" data-element_type=\"widget\" data-widget_type=\"google_maps.default\">\n\t\t\t\t<div class=\"elementor-widget-container\">\n\t\t\t\t\t\t\t<div class=\"elementor-custom-embed\">\n\t\t\t<iframe loading=\"lazy\"\n\t\t\t\t\tsrc=\"https:\/\/maps.google.com\/maps?q=termas%20de%20pichicolo&#038;t=m&#038;z=10&#038;output=embed&#038;iwloc=near\"\n\t\t\t\t\ttitle=\"termas de pichicolo\"\n\t\t\t\t\taria-label=\"termas de pichicolo\"\n\t\t\t><\/iframe>\n\t\t<\/div>\n\t\t\t\t\t\t<\/div>\n\t\t\t\t<\/div>\n\t\t\t\t<div class=\"elementor-element elementor-element-817cbb4 elementor-widget elementor-widget-qi_addons_for_elementor_button\" data-id=\"817cbb4\" data-element_type=\"widget\" data-widget_type=\"qi_addons_for_elementor_button.default\">\n\t\t\t\t<div class=\"elementor-widget-container\">\n\t\t\t\t\t<a class=\"qodef-shortcode qodef-m qodef-qi-button qodef-html--link qodef-layout--filled qodef-type--standard qodef-icon--right qodef-hover--icon-move-horizontal-short\" href=\"https:\/\/www.google.com\/maps\/place\/Termas+de+pichicolo\/@-41.9704954,-72.6955852,11z\/data=!4m12!1m6!3m5!1s0x9619024185ebe96d:0x5416e0f059b2012a!2sTermas+de+pichicolo!8m2!3d-41.9704728!4d-72.5555205!3m4!1s0x9619024185ebe96d:0x5416e0f059b2012a!8m2!3d-41.9704728!4d-72.5555205\" target=\"_self\">\n\t<span class=\"qodef-m-text\">Ver en Google Maps<\/span>\n\t<\/a>\n\t\t\t\t<\/div>\n\t\t\t\t<\/div>\n\t\t\t\t\t<\/div>\n\t\t<\/div>\n\t\t\t\t\t<\/div>\n\t\t<\/section>\n\t\t\t\t<section class=\"elementor-section elementor-top-section elementor-element elementor-element-c55b4b4 elementor-section-full_width elementor-hidden-desktop elementor-hidden-tablet elementor-hidden-mobile elementor-section-height-default elementor-section-height-default\" data-id=\"c55b4b4\" data-element_type=\"section\">\n\t\t\t\t\t\t<div class=\"elementor-container elementor-column-gap-no\">\n\t\t\t\t\t<div class=\"elementor-column elementor-col-100 elementor-top-column elementor-element elementor-element-c52ba33\" data-id=\"c52ba33\" data-element_type=\"column\">\n\t\t\t<div class=\"elementor-widget-wrap elementor-element-populated\">\n\t\t\t\t\t\t<div class=\"elementor-element elementor-element-891d57f elementor-widget elementor-widget-image\" data-id=\"891d57f\" data-element_type=\"widget\" data-widget_type=\"image.default\">\n\t\t\t\t<div class=\"elementor-widget-container\">\n\t\t\t\t\t\t\t\t\t\t\t\t\t\t\t<img fetchpriority=\"high\" decoding=\"async\" width=\"1920\" height=\"530\" src=\"https:\/\/termasdepichicolo.cl\/wp-content\/uploads\/2019\/11\/Inner-map.jpg\" class=\"attachment-full size-full wp-image-300\" alt=\"a\" srcset=\"https:\/\/termasdepichicolo.cl\/wp-content\/uploads\/2019\/11\/Inner-map.jpg 1920w, https:\/\/termasdepichicolo.cl\/wp-content\/uploads\/2019\/11\/Inner-map-600x166.jpg 600w, https:\/\/termasdepichicolo.cl\/wp-content\/uploads\/2019\/11\/Inner-map-300x83.jpg 300w, https:\/\/termasdepichicolo.cl\/wp-content\/uploads\/2019\/11\/Inner-map-1024x283.jpg 1024w, https:\/\/termasdepichicolo.cl\/wp-content\/uploads\/2019\/11\/Inner-map-768x212.jpg 768w, https:\/\/termasdepichicolo.cl\/wp-content\/uploads\/2019\/11\/Inner-map-1536x424.jpg 1536w, https:\/\/termasdepichicolo.cl\/wp-content\/uploads\/2019\/11\/Inner-map-700x193.jpg 700w\" sizes=\"(max-width: 1920px) 100vw, 1920px\" \/>\t\t\t\t\t\t\t\t\t\t\t\t\t\t\t<\/div>\n\t\t\t\t<\/div>\n\t\t\t\t\t<\/div>\n\t\t<\/div>\n\t\t\t\t\t<\/div>\n\t\t<\/section>\n\t\t\t\t<\/div>\n\t\t","protected":false},"excerpt":{"rendered":"<p>Si deseas ponerte en contacto o necesitas ayuda para llegar: Conversemos \u00a0 Para llegar a Termas de Pichicolo, desde Puerto Montt, puedes seguir dos rutas diferentes, una viajando desde esta ciudad,&nbsp; por la carretera austral, que incluye un viaje en ferry (La Arena-Puelche) y la otra, haciendo la circunvalaci\u00f3n por Puelo, donde todo el camino [&hellip;]<\/p>\n","protected":false},"author":1,"featured_media":0,"parent":0,"menu_order":0,"comment_status":"closed","ping_status":"closed","template":"full_width.php","meta":{"content-type":"","footnotes":""},"class_list":["post-131","page","type-page","status-publish","hentry"],"_links":{"self":[{"href":"https:\/\/termasdepichicolo.cl\/index.php?rest_route=\/wp\/v2\/pages\/131","targetHints":{"allow":["GET"]}}],"collection":[{"href":"https:\/\/termasdepichicolo.cl\/index.php?rest_route=\/wp\/v2\/pages"}],"about":[{"href":"https:\/\/termasdepichicolo.cl\/index.php?rest_route=\/wp\/v2\/types\/page"}],"author":[{"embeddable":true,"href":"https:\/\/termasdepichicolo.cl\/index.php?rest_route=\/wp\/v2\/users\/1"}],"replies":[{"embeddable":true,"href":"https:\/\/termasdepichicolo.cl\/index.php?rest_route=%2Fwp%2Fv2%2Fcomments&post=131"}],"version-history":[{"count":104,"href":"https:\/\/termasdepichicolo.cl\/index.php?rest_route=\/wp\/v2\/pages\/131\/revisions"}],"predecessor-version":[{"id":10053,"href":"https:\/\/termasdepichicolo.cl\/index.php?rest_route=\/wp\/v2\/pages\/131\/revisions\/10053"}],"wp:attachment":[{"href":"https:\/\/termasdepichicolo.cl\/index.php?rest_route=%2Fwp%2Fv2%2Fmedia&parent=131"}],"curies":[{"name":"wp","href":"https:\/\/api.w.org\/{rel}","templated":true}]}}