{"id":25727,"date":"2025-12-17T16:26:20","date_gmt":"2025-12-17T19:26:20","guid":{"rendered":"https:\/\/termasdepichicolo.cl\/?page_id=25727"},"modified":"2025-12-17T16:35:08","modified_gmt":"2025-12-17T19:35:08","slug":"galeria-2","status":"publish","type":"page","link":"https:\/\/termasdepichicolo.cl\/?page_id=25727","title":{"rendered":"galer\u00eda"},"content":{"rendered":"\t\t<div data-elementor-type=\"wp-page\" data-elementor-id=\"25727\" class=\"elementor elementor-25727\" data-elementor-post-type=\"page\">\n\t\t\t\t<div class=\"elementor-element elementor-element-224eb89 e-flex e-con-boxed e-con e-parent\" data-id=\"224eb89\" data-element_type=\"container\" data-settings=\"{&quot;background_background&quot;:&quot;classic&quot;}\">\n\t\t\t\t\t<div class=\"e-con-inner\">\n\t\t<div class=\"elementor-element elementor-element-6b3c437 e-con-full e-flex e-con e-child\" data-id=\"6b3c437\" data-element_type=\"container\">\n\t\t\t\t<\/div>\n\t\t\t\t\t<\/div>\n\t\t\t\t<\/div>\n\t\t<div class=\"elementor-element elementor-element-58865e9 e-flex e-con-boxed e-con e-parent\" data-id=\"58865e9\" data-element_type=\"container\">\n\t\t\t\t\t<div class=\"e-con-inner\">\n\t\t\t\t<div class=\"elementor-element elementor-element-e5e3a19 elementor-widget elementor-widget-heading\" data-id=\"e5e3a19\" data-element_type=\"widget\" data-widget_type=\"heading.default\">\n\t\t\t\t<div class=\"elementor-widget-container\">\n\t\t\t\t\t<h2 class=\"elementor-heading-title elementor-size-default\">CONOCE NUESTRAS TERMAS<\/h2>\t\t\t\t<\/div>\n\t\t\t\t<\/div>\n\t\t\t\t<div class=\"elementor-element elementor-element-9fc5e84 elementor-widget elementor-widget-text-editor\" data-id=\"9fc5e84\" data-element_type=\"widget\" data-widget_type=\"text-editor.default\">\n\t\t\t\t<div class=\"elementor-widget-container\">\n\t\t\t\t\t\t\t\t\t<p style=\"text-align: center\">Sum\u00e9rgete en un entorno \u00fanico, donde el agua, la monta\u00f1a y el descanso se juntan.<\/p>\t\t\t\t\t\t\t\t<\/div>\n\t\t\t\t<\/div>\n\t\t\t\t\t<\/div>\n\t\t\t\t<\/div>\n\t\t\t\t<section class=\"elementor-section elementor-top-section elementor-element elementor-element-d3c4bc4 elementor-section-boxed elementor-section-height-default elementor-section-height-default\" data-id=\"d3c4bc4\" data-element_type=\"section\" data-settings=\"{&quot;background_background&quot;:&quot;classic&quot;}\">\n\t\t\t\t\t\t<div class=\"elementor-container elementor-column-gap-default\">\n\t\t\t\t\t<div class=\"elementor-column elementor-col-100 elementor-top-column elementor-element elementor-element-453ab42\" data-id=\"453ab42\" data-element_type=\"column\">\n\t\t\t<div class=\"elementor-widget-wrap elementor-element-populated\">\n\t\t\t\t\t\t<div class=\"elementor-element elementor-element-07cd412 gallery-spacing-custom elementor-widget elementor-widget-image-gallery\" data-id=\"07cd412\" data-element_type=\"widget\" data-widget_type=\"image-gallery.default\">\n\t\t\t\t<div class=\"elementor-widget-container\">\n\t\t\t\t\t\t\t<div class=\"elementor-image-gallery\">\n\t\t\t<div id='gallery-1' class='gallery galleryid-25727 gallery-columns-2 gallery-size-full'><figure class='gallery-item'>\n\t\t\t<div class='gallery-icon portrait'>\n\t\t\t\t<a data-elementor-open-lightbox=\"yes\" data-elementor-lightbox-slideshow=\"07cd412\" data-elementor-lightbox-title=\"20241226202310_IMG_3223-1-rotated-1.jpg\" data-e-action-hash=\"#elementor-action%3Aaction%3Dlightbox%26settings%3DeyJpZCI6MjU3MzIsInVybCI6Imh0dHBzOlwvXC90ZXJtYXNkZXBpY2hpY29sby5jbFwvd3AtY29udGVudFwvdXBsb2Fkc1wvMjAyNVwvMTJcLzIwMjQxMjI2MjAyMzEwX0lNR18zMjIzLTEtcm90YXRlZC0xLmpwZyIsInNsaWRlc2hvdyI6IjA3Y2Q0MTIifQ%3D%3D\" href='https:\/\/termasdepichicolo.cl\/wp-content\/uploads\/2025\/12\/20241226202310_IMG_3223-1-rotated-1.jpg'><img fetchpriority=\"high\" decoding=\"async\" width=\"1280\" height=\"1920\" src=\"https:\/\/termasdepichicolo.cl\/wp-content\/uploads\/2025\/12\/20241226202310_IMG_3223-1-rotated-1.jpg\" class=\"attachment-full size-full\" alt=\"\" srcset=\"https:\/\/termasdepichicolo.cl\/wp-content\/uploads\/2025\/12\/20241226202310_IMG_3223-1-rotated-1.jpg 1280w, https:\/\/termasdepichicolo.cl\/wp-content\/uploads\/2025\/12\/20241226202310_IMG_3223-1-rotated-1-200x300.jpg 200w, https:\/\/termasdepichicolo.cl\/wp-content\/uploads\/2025\/12\/20241226202310_IMG_3223-1-rotated-1-683x1024.jpg 683w, https:\/\/termasdepichicolo.cl\/wp-content\/uploads\/2025\/12\/20241226202310_IMG_3223-1-rotated-1-768x1152.jpg 768w, https:\/\/termasdepichicolo.cl\/wp-content\/uploads\/2025\/12\/20241226202310_IMG_3223-1-rotated-1-1024x1536.jpg 1024w, https:\/\/termasdepichicolo.cl\/wp-content\/uploads\/2025\/12\/20241226202310_IMG_3223-1-rotated-1-600x900.jpg 600w\" sizes=\"(max-width: 1280px) 100vw, 1280px\" \/><\/a>\n\t\t\t<\/div><\/figure><figure class='gallery-item'>\n\t\t\t<div class='gallery-icon portrait'>\n\t\t\t\t<a data-elementor-open-lightbox=\"yes\" data-elementor-lightbox-slideshow=\"07cd412\" data-elementor-lightbox-title=\"DSC01568-scaled-1.jpg\" data-e-action-hash=\"#elementor-action%3Aaction%3Dlightbox%26settings%3DeyJpZCI6MjU3MzMsInVybCI6Imh0dHBzOlwvXC90ZXJtYXNkZXBpY2hpY29sby5jbFwvd3AtY29udGVudFwvdXBsb2Fkc1wvMjAyNVwvMTJcL0RTQzAxNTY4LXNjYWxlZC0xLmpwZyIsInNsaWRlc2hvdyI6IjA3Y2Q0MTIifQ%3D%3D\" href='https:\/\/termasdepichicolo.cl\/wp-content\/uploads\/2025\/12\/DSC01568-scaled-1.jpg'><img decoding=\"async\" width=\"1600\" height=\"2400\" src=\"https:\/\/termasdepichicolo.cl\/wp-content\/uploads\/2025\/12\/DSC01568-scaled-1.jpg\" class=\"attachment-full size-full\" alt=\"\" srcset=\"https:\/\/termasdepichicolo.cl\/wp-content\/uploads\/2025\/12\/DSC01568-scaled-1.jpg 1600w, https:\/\/termasdepichicolo.cl\/wp-content\/uploads\/2025\/12\/DSC01568-scaled-1-200x300.jpg 200w, https:\/\/termasdepichicolo.cl\/wp-content\/uploads\/2025\/12\/DSC01568-scaled-1-683x1024.jpg 683w, https:\/\/termasdepichicolo.cl\/wp-content\/uploads\/2025\/12\/DSC01568-scaled-1-768x1152.jpg 768w, https:\/\/termasdepichicolo.cl\/wp-content\/uploads\/2025\/12\/DSC01568-scaled-1-1024x1536.jpg 1024w, https:\/\/termasdepichicolo.cl\/wp-content\/uploads\/2025\/12\/DSC01568-scaled-1-1365x2048.jpg 1365w, https:\/\/termasdepichicolo.cl\/wp-content\/uploads\/2025\/12\/DSC01568-scaled-1-600x900.jpg 600w\" sizes=\"(max-width: 1600px) 100vw, 1600px\" \/><\/a>\n\t\t\t<\/div><\/figure><figure class='gallery-item'>\n\t\t\t<div class='gallery-icon portrait'>\n\t\t\t\t<a data-elementor-open-lightbox=\"yes\" data-elementor-lightbox-slideshow=\"07cd412\" data-elementor-lightbox-title=\"WhatsApp-Image-2025-04-25-at-13.04.05-3.jpeg\" data-e-action-hash=\"#elementor-action%3Aaction%3Dlightbox%26settings%3DeyJpZCI6MjU3MzUsInVybCI6Imh0dHBzOlwvXC90ZXJtYXNkZXBpY2hpY29sby5jbFwvd3AtY29udGVudFwvdXBsb2Fkc1wvMjAyNVwvMTJcL1doYXRzQXBwLUltYWdlLTIwMjUtMDQtMjUtYXQtMTMuMDQuMDUtMy5qcGVnIiwic2xpZGVzaG93IjoiMDdjZDQxMiJ9\" href='https:\/\/termasdepichicolo.cl\/wp-content\/uploads\/2025\/12\/WhatsApp-Image-2025-04-25-at-13.04.05-3.jpeg'><img decoding=\"async\" width=\"1084\" height=\"1600\" src=\"https:\/\/termasdepichicolo.cl\/wp-content\/uploads\/2025\/12\/WhatsApp-Image-2025-04-25-at-13.04.05-3.jpeg\" class=\"attachment-full size-full\" alt=\"\" srcset=\"https:\/\/termasdepichicolo.cl\/wp-content\/uploads\/2025\/12\/WhatsApp-Image-2025-04-25-at-13.04.05-3.jpeg 1084w, https:\/\/termasdepichicolo.cl\/wp-content\/uploads\/2025\/12\/WhatsApp-Image-2025-04-25-at-13.04.05-3-203x300.jpeg 203w, https:\/\/termasdepichicolo.cl\/wp-content\/uploads\/2025\/12\/WhatsApp-Image-2025-04-25-at-13.04.05-3-694x1024.jpeg 694w, https:\/\/termasdepichicolo.cl\/wp-content\/uploads\/2025\/12\/WhatsApp-Image-2025-04-25-at-13.04.05-3-768x1134.jpeg 768w, https:\/\/termasdepichicolo.cl\/wp-content\/uploads\/2025\/12\/WhatsApp-Image-2025-04-25-at-13.04.05-3-1041x1536.jpeg 1041w, https:\/\/termasdepichicolo.cl\/wp-content\/uploads\/2025\/12\/WhatsApp-Image-2025-04-25-at-13.04.05-3-600x886.jpeg 600w\" sizes=\"(max-width: 1084px) 100vw, 1084px\" \/><\/a>\n\t\t\t<\/div><\/figure><figure class='gallery-item'>\n\t\t\t<div class='gallery-icon portrait'>\n\t\t\t\t<a data-elementor-open-lightbox=\"yes\" data-elementor-lightbox-slideshow=\"07cd412\" data-elementor-lightbox-title=\"WhatsApp-Image-2025-04-25-at-13.04.01-2.jpeg\" data-e-action-hash=\"#elementor-action%3Aaction%3Dlightbox%26settings%3DeyJpZCI6MjU3MzQsInVybCI6Imh0dHBzOlwvXC90ZXJtYXNkZXBpY2hpY29sby5jbFwvd3AtY29udGVudFwvdXBsb2Fkc1wvMjAyNVwvMTJcL1doYXRzQXBwLUltYWdlLTIwMjUtMDQtMjUtYXQtMTMuMDQuMDEtMi5qcGVnIiwic2xpZGVzaG93IjoiMDdjZDQxMiJ9\" href='https:\/\/termasdepichicolo.cl\/wp-content\/uploads\/2025\/12\/WhatsApp-Image-2025-04-25-at-13.04.01-2.jpeg'><img loading=\"lazy\" decoding=\"async\" width=\"1066\" height=\"1600\" src=\"https:\/\/termasdepichicolo.cl\/wp-content\/uploads\/2025\/12\/WhatsApp-Image-2025-04-25-at-13.04.01-2.jpeg\" class=\"attachment-full size-full\" alt=\"\" srcset=\"https:\/\/termasdepichicolo.cl\/wp-content\/uploads\/2025\/12\/WhatsApp-Image-2025-04-25-at-13.04.01-2.jpeg 1066w, https:\/\/termasdepichicolo.cl\/wp-content\/uploads\/2025\/12\/WhatsApp-Image-2025-04-25-at-13.04.01-2-200x300.jpeg 200w, https:\/\/termasdepichicolo.cl\/wp-content\/uploads\/2025\/12\/WhatsApp-Image-2025-04-25-at-13.04.01-2-682x1024.jpeg 682w, https:\/\/termasdepichicolo.cl\/wp-content\/uploads\/2025\/12\/WhatsApp-Image-2025-04-25-at-13.04.01-2-768x1153.jpeg 768w, https:\/\/termasdepichicolo.cl\/wp-content\/uploads\/2025\/12\/WhatsApp-Image-2025-04-25-at-13.04.01-2-1023x1536.jpeg 1023w, https:\/\/termasdepichicolo.cl\/wp-content\/uploads\/2025\/12\/WhatsApp-Image-2025-04-25-at-13.04.01-2-600x901.jpeg 600w\" sizes=\"(max-width: 1066px) 100vw, 1066px\" \/><\/a>\n\t\t\t<\/div><\/figure><figure class='gallery-item'>\n\t\t\t<div class='gallery-icon portrait'>\n\t\t\t\t<a data-elementor-open-lightbox=\"yes\" data-elementor-lightbox-slideshow=\"07cd412\" data-elementor-lightbox-title=\"DSC02850-scaled-1.jpg\" data-e-action-hash=\"#elementor-action%3Aaction%3Dlightbox%26settings%3DeyJpZCI6MjU3MzgsInVybCI6Imh0dHBzOlwvXC90ZXJtYXNkZXBpY2hpY29sby5jbFwvd3AtY29udGVudFwvdXBsb2Fkc1wvMjAyNVwvMTJcL0RTQzAyODUwLXNjYWxlZC0xLmpwZyIsInNsaWRlc2hvdyI6IjA3Y2Q0MTIifQ%3D%3D\" href='https:\/\/termasdepichicolo.cl\/wp-content\/uploads\/2025\/12\/DSC02850-scaled-1.jpg'><img loading=\"lazy\" decoding=\"async\" width=\"1600\" height=\"2400\" src=\"https:\/\/termasdepichicolo.cl\/wp-content\/uploads\/2025\/12\/DSC02850-scaled-1.jpg\" class=\"attachment-full size-full\" alt=\"\" srcset=\"https:\/\/termasdepichicolo.cl\/wp-content\/uploads\/2025\/12\/DSC02850-scaled-1.jpg 1600w, https:\/\/termasdepichicolo.cl\/wp-content\/uploads\/2025\/12\/DSC02850-scaled-1-200x300.jpg 200w, https:\/\/termasdepichicolo.cl\/wp-content\/uploads\/2025\/12\/DSC02850-scaled-1-683x1024.jpg 683w, https:\/\/termasdepichicolo.cl\/wp-content\/uploads\/2025\/12\/DSC02850-scaled-1-768x1152.jpg 768w, https:\/\/termasdepichicolo.cl\/wp-content\/uploads\/2025\/12\/DSC02850-scaled-1-1024x1536.jpg 1024w, https:\/\/termasdepichicolo.cl\/wp-content\/uploads\/2025\/12\/DSC02850-scaled-1-1365x2048.jpg 1365w, https:\/\/termasdepichicolo.cl\/wp-content\/uploads\/2025\/12\/DSC02850-scaled-1-600x900.jpg 600w\" sizes=\"(max-width: 1600px) 100vw, 1600px\" \/><\/a>\n\t\t\t<\/div><\/figure><figure class='gallery-item'>\n\t\t\t<div class='gallery-icon portrait'>\n\t\t\t\t<a data-elementor-open-lightbox=\"yes\" data-elementor-lightbox-slideshow=\"07cd412\" data-elementor-lightbox-title=\"DSC_0553-scaled-1.jpg\" data-e-action-hash=\"#elementor-action%3Aaction%3Dlightbox%26settings%3DeyJpZCI6MjU3MzcsInVybCI6Imh0dHBzOlwvXC90ZXJtYXNkZXBpY2hpY29sby5jbFwvd3AtY29udGVudFwvdXBsb2Fkc1wvMjAyNVwvMTJcL0RTQ18wNTUzLXNjYWxlZC0xLmpwZyIsInNsaWRlc2hvdyI6IjA3Y2Q0MTIifQ%3D%3D\" href='https:\/\/termasdepichicolo.cl\/wp-content\/uploads\/2025\/12\/DSC_0553-scaled-1.jpg'><img loading=\"lazy\" decoding=\"async\" width=\"1600\" height=\"2400\" src=\"https:\/\/termasdepichicolo.cl\/wp-content\/uploads\/2025\/12\/DSC_0553-scaled-1.jpg\" class=\"attachment-full size-full\" alt=\"\" srcset=\"https:\/\/termasdepichicolo.cl\/wp-content\/uploads\/2025\/12\/DSC_0553-scaled-1.jpg 1600w, https:\/\/termasdepichicolo.cl\/wp-content\/uploads\/2025\/12\/DSC_0553-scaled-1-200x300.jpg 200w, https:\/\/termasdepichicolo.cl\/wp-content\/uploads\/2025\/12\/DSC_0553-scaled-1-683x1024.jpg 683w, https:\/\/termasdepichicolo.cl\/wp-content\/uploads\/2025\/12\/DSC_0553-scaled-1-768x1152.jpg 768w, https:\/\/termasdepichicolo.cl\/wp-content\/uploads\/2025\/12\/DSC_0553-scaled-1-1024x1536.jpg 1024w, https:\/\/termasdepichicolo.cl\/wp-content\/uploads\/2025\/12\/DSC_0553-scaled-1-1365x2048.jpg 1365w, https:\/\/termasdepichicolo.cl\/wp-content\/uploads\/2025\/12\/DSC_0553-scaled-1-600x900.jpg 600w\" sizes=\"(max-width: 1600px) 100vw, 1600px\" \/><\/a>\n\t\t\t<\/div><\/figure><figure class='gallery-item'>\n\t\t\t<div class='gallery-icon portrait'>\n\t\t\t\t<a data-elementor-open-lightbox=\"yes\" data-elementor-lightbox-slideshow=\"07cd412\" data-elementor-lightbox-title=\"WhatsApp-Image-2025-04-25-at-13.04.06.jpeg\" data-e-action-hash=\"#elementor-action%3Aaction%3Dlightbox%26settings%3DeyJpZCI6MjU3MzksInVybCI6Imh0dHBzOlwvXC90ZXJtYXNkZXBpY2hpY29sby5jbFwvd3AtY29udGVudFwvdXBsb2Fkc1wvMjAyNVwvMTJcL1doYXRzQXBwLUltYWdlLTIwMjUtMDQtMjUtYXQtMTMuMDQuMDYuanBlZyIsInNsaWRlc2hvdyI6IjA3Y2Q0MTIifQ%3D%3D\" href='https:\/\/termasdepichicolo.cl\/wp-content\/uploads\/2025\/12\/WhatsApp-Image-2025-04-25-at-13.04.06.jpeg'><img loading=\"lazy\" decoding=\"async\" width=\"1066\" height=\"1600\" src=\"https:\/\/termasdepichicolo.cl\/wp-content\/uploads\/2025\/12\/WhatsApp-Image-2025-04-25-at-13.04.06.jpeg\" class=\"attachment-full size-full\" alt=\"\" srcset=\"https:\/\/termasdepichicolo.cl\/wp-content\/uploads\/2025\/12\/WhatsApp-Image-2025-04-25-at-13.04.06.jpeg 1066w, https:\/\/termasdepichicolo.cl\/wp-content\/uploads\/2025\/12\/WhatsApp-Image-2025-04-25-at-13.04.06-200x300.jpeg 200w, https:\/\/termasdepichicolo.cl\/wp-content\/uploads\/2025\/12\/WhatsApp-Image-2025-04-25-at-13.04.06-682x1024.jpeg 682w, https:\/\/termasdepichicolo.cl\/wp-content\/uploads\/2025\/12\/WhatsApp-Image-2025-04-25-at-13.04.06-768x1153.jpeg 768w, https:\/\/termasdepichicolo.cl\/wp-content\/uploads\/2025\/12\/WhatsApp-Image-2025-04-25-at-13.04.06-1023x1536.jpeg 1023w, https:\/\/termasdepichicolo.cl\/wp-content\/uploads\/2025\/12\/WhatsApp-Image-2025-04-25-at-13.04.06-600x901.jpeg 600w\" sizes=\"(max-width: 1066px) 100vw, 1066px\" \/><\/a>\n\t\t\t<\/div><\/figure><figure class='gallery-item'>\n\t\t\t<div class='gallery-icon portrait'>\n\t\t\t\t<a data-elementor-open-lightbox=\"yes\" data-elementor-lightbox-slideshow=\"07cd412\" data-elementor-lightbox-title=\"WhatsApp-Image-2025-04-25-at-13.04.07-2.jpeg\" data-e-action-hash=\"#elementor-action%3Aaction%3Dlightbox%26settings%3DeyJpZCI6MjU3MzEsInVybCI6Imh0dHBzOlwvXC90ZXJtYXNkZXBpY2hpY29sby5jbFwvd3AtY29udGVudFwvdXBsb2Fkc1wvMjAyNVwvMTJcL1doYXRzQXBwLUltYWdlLTIwMjUtMDQtMjUtYXQtMTMuMDQuMDctMi5qcGVnIiwic2xpZGVzaG93IjoiMDdjZDQxMiJ9\" href='https:\/\/termasdepichicolo.cl\/wp-content\/uploads\/2025\/12\/WhatsApp-Image-2025-04-25-at-13.04.07-2.jpeg'><img loading=\"lazy\" decoding=\"async\" width=\"1066\" height=\"1600\" src=\"https:\/\/termasdepichicolo.cl\/wp-content\/uploads\/2025\/12\/WhatsApp-Image-2025-04-25-at-13.04.07-2.jpeg\" class=\"attachment-full size-full\" alt=\"\" srcset=\"https:\/\/termasdepichicolo.cl\/wp-content\/uploads\/2025\/12\/WhatsApp-Image-2025-04-25-at-13.04.07-2.jpeg 1066w, https:\/\/termasdepichicolo.cl\/wp-content\/uploads\/2025\/12\/WhatsApp-Image-2025-04-25-at-13.04.07-2-200x300.jpeg 200w, https:\/\/termasdepichicolo.cl\/wp-content\/uploads\/2025\/12\/WhatsApp-Image-2025-04-25-at-13.04.07-2-682x1024.jpeg 682w, https:\/\/termasdepichicolo.cl\/wp-content\/uploads\/2025\/12\/WhatsApp-Image-2025-04-25-at-13.04.07-2-768x1153.jpeg 768w, https:\/\/termasdepichicolo.cl\/wp-content\/uploads\/2025\/12\/WhatsApp-Image-2025-04-25-at-13.04.07-2-1023x1536.jpeg 1023w, https:\/\/termasdepichicolo.cl\/wp-content\/uploads\/2025\/12\/WhatsApp-Image-2025-04-25-at-13.04.07-2-600x901.jpeg 600w\" sizes=\"(max-width: 1066px) 100vw, 1066px\" \/><\/a>\n\t\t\t<\/div><\/figure>\n\t\t<\/div>\n\t\t<\/div>\n\t\t\t\t\t\t<\/div>\n\t\t\t\t<\/div>\n\t\t\t\t\t<\/div>\n\t\t<\/div>\n\t\t\t\t\t<\/div>\n\t\t<\/section>\n\t\t\t\t<\/div>\n\t\t","protected":false},"excerpt":{"rendered":"<p>CONOCE NUESTRAS TERMAS Sum\u00e9rgete en un entorno \u00fanico, donde el agua, la monta\u00f1a y el descanso se juntan.<\/p>\n","protected":false},"author":927,"featured_media":0,"parent":0,"menu_order":0,"comment_status":"closed","ping_status":"closed","template":"","meta":{"content-type":"","footnotes":""},"class_list":["post-25727","page","type-page","status-publish","hentry"],"_links":{"self":[{"href":"https:\/\/termasdepichicolo.cl\/index.php?rest_route=\/wp\/v2\/pages\/25727"}],"collection":[{"href":"https:\/\/termasdepichicolo.cl\/index.php?rest_route=\/wp\/v2\/pages"}],"about":[{"href":"https:\/\/termasdepichicolo.cl\/index.php?rest_route=\/wp\/v2\/types\/page"}],"author":[{"embeddable":true,"href":"https:\/\/termasdepichicolo.cl\/index.php?rest_route=\/wp\/v2\/users\/927"}],"replies":[{"embeddable":true,"href":"https:\/\/termasdepichicolo.cl\/index.php?rest_route=%2Fwp%2Fv2%2Fcomments&post=25727"}],"version-history":[{"count":4,"href":"https:\/\/termasdepichicolo.cl\/index.php?rest_route=\/wp\/v2\/pages\/25727\/revisions"}],"predecessor-version":[{"id":25746,"href":"https:\/\/termasdepichicolo.cl\/index.php?rest_route=\/wp\/v2\/pages\/25727\/revisions\/25746"}],"wp:attachment":[{"href":"https:\/\/termasdepichicolo.cl\/index.php?rest_route=%2Fwp%2Fv2%2Fmedia&parent=25727"}],"curies":[{"name":"wp","href":"https:\/\/api.w.org\/{rel}","templated":true}]}}