{"id":576,"date":"2022-12-12T12:47:36","date_gmt":"2022-12-12T15:47:36","guid":{"rendered":"https:\/\/termasdepichicolo.cl?page_id=576"},"modified":"2026-03-02T21:22:04","modified_gmt":"2026-03-03T00:22:04","slug":"reservas","status":"publish","type":"page","link":"https:\/\/termasdepichicolo.cl\/?page_id=576","title":{"rendered":"Entradas"},"content":{"rendered":"\t\t<div data-elementor-type=\"wp-page\" data-elementor-id=\"576\" class=\"elementor elementor-576\" data-elementor-post-type=\"page\">\n\t\t\t\t\t\t<section class=\"elementor-section elementor-top-section elementor-element elementor-element-64e453c elementor-section-boxed elementor-section-height-default elementor-section-height-default\" data-id=\"64e453c\" data-element_type=\"section\">\n\t\t\t\t\t\t<div class=\"elementor-container elementor-column-gap-default\">\n\t\t\t\t\t<div class=\"elementor-column elementor-col-100 elementor-top-column elementor-element elementor-element-f481bc6\" data-id=\"f481bc6\" data-element_type=\"column\">\n\t\t\t<div class=\"elementor-widget-wrap elementor-element-populated\">\n\t\t\t\t\t\t<div class=\"elementor-element elementor-element-8daf652 elementor-grid-3 elementor-grid-tablet-3 elementor-grid-mobile-2 elementor-products-grid elementor-wc-products elementor-widget elementor-widget-woocommerce-products\" data-id=\"8daf652\" data-element_type=\"widget\" data-widget_type=\"woocommerce-products.default\">\n\t\t\t\t<div class=\"elementor-widget-container\">\n\t\t\t\t\t<div class=\"woocommerce columns-3 \"><ul class=\"products elementor-grid columns-3\">\n<li class=\"product type-product post-23359 status-publish first instock product_cat-reservas has-post-thumbnail sold-individually shipping-taxable purchasable product-type-booking\">\n\t<a href=\"https:\/\/termasdepichicolo.cl\/?product=entrada-dia-festivos-y-fin-de-semana\" class=\"woocommerce-LoopProduct-link woocommerce-loop-product__link\"><img fetchpriority=\"high\" decoding=\"async\" width=\"300\" height=\"300\" src=\"https:\/\/termasdepichicolo.cl\/wp-content\/uploads\/2023\/03\/Artboard-1-copy-20-300x300.jpg\" class=\"attachment-woocommerce_thumbnail size-woocommerce_thumbnail\" alt=\"\" srcset=\"https:\/\/termasdepichicolo.cl\/wp-content\/uploads\/2023\/03\/Artboard-1-copy-20-300x300.jpg 300w, https:\/\/termasdepichicolo.cl\/wp-content\/uploads\/2023\/03\/Artboard-1-copy-20-1024x1024.jpg 1024w, https:\/\/termasdepichicolo.cl\/wp-content\/uploads\/2023\/03\/Artboard-1-copy-20-150x150.jpg 150w, https:\/\/termasdepichicolo.cl\/wp-content\/uploads\/2023\/03\/Artboard-1-copy-20-768x768.jpg 768w, https:\/\/termasdepichicolo.cl\/wp-content\/uploads\/2023\/03\/Artboard-1-copy-20-650x650.jpg 650w, https:\/\/termasdepichicolo.cl\/wp-content\/uploads\/2023\/03\/Artboard-1-copy-20-600x600.jpg 600w, https:\/\/termasdepichicolo.cl\/wp-content\/uploads\/2023\/03\/Artboard-1-copy-20-100x100.jpg 100w, https:\/\/termasdepichicolo.cl\/wp-content\/uploads\/2023\/03\/Artboard-1-copy-20.jpg 1081w\" sizes=\"(max-width: 300px) 100vw, 300px\" \/><h2 class=\"woocommerce-loop-product__title\">Entrada D\u00eda Festivos y Fin de Semana<\/h2>\n<\/a><a href=\"https:\/\/termasdepichicolo.cl\/?product=entrada-dia-festivos-y-fin-de-semana\" aria-describedby=\"woocommerce_loop_add_to_cart_link_describedby_23359\" data-quantity=\"1\" class=\"button product_type_booking add_to_cart_button\" data-product_id=\"23359\" data-product_sku=\"\" aria-label=\"Lee m\u00e1s sobre &ldquo;Entrada D\u00eda Festivos y Fin de Semana&rdquo;\" rel=\"nofollow\">Leer m\u00e1s<\/a>\t<span id=\"woocommerce_loop_add_to_cart_link_describedby_23359\" class=\"screen-reader-text\">\n\t\t\t<\/span>\n<\/li>\n<li class=\"product type-product post-6660 status-publish instock product_cat-reservas has-post-thumbnail sold-individually shipping-taxable purchasable product-type-booking\">\n\t<a href=\"https:\/\/termasdepichicolo.cl\/?product=pase-diario\" class=\"woocommerce-LoopProduct-link woocommerce-loop-product__link\"><img decoding=\"async\" width=\"300\" height=\"300\" src=\"https:\/\/termasdepichicolo.cl\/wp-content\/uploads\/2023\/03\/Artboard-10-20-300x300.jpg\" class=\"attachment-woocommerce_thumbnail size-woocommerce_thumbnail\" alt=\"\" srcset=\"https:\/\/termasdepichicolo.cl\/wp-content\/uploads\/2023\/03\/Artboard-10-20-300x300.jpg 300w, https:\/\/termasdepichicolo.cl\/wp-content\/uploads\/2023\/03\/Artboard-10-20-1024x1024.jpg 1024w, https:\/\/termasdepichicolo.cl\/wp-content\/uploads\/2023\/03\/Artboard-10-20-150x150.jpg 150w, https:\/\/termasdepichicolo.cl\/wp-content\/uploads\/2023\/03\/Artboard-10-20-768x768.jpg 768w, https:\/\/termasdepichicolo.cl\/wp-content\/uploads\/2023\/03\/Artboard-10-20-650x650.jpg 650w, https:\/\/termasdepichicolo.cl\/wp-content\/uploads\/2023\/03\/Artboard-10-20-600x600.jpg 600w, https:\/\/termasdepichicolo.cl\/wp-content\/uploads\/2023\/03\/Artboard-10-20-100x100.jpg 100w, https:\/\/termasdepichicolo.cl\/wp-content\/uploads\/2023\/03\/Artboard-10-20.jpg 1081w\" sizes=\"(max-width: 300px) 100vw, 300px\" \/><h2 class=\"woocommerce-loop-product__title\">Entrada D\u00eda Semana<\/h2>\n<\/a><a href=\"https:\/\/termasdepichicolo.cl\/?product=pase-diario\" aria-describedby=\"woocommerce_loop_add_to_cart_link_describedby_6660\" data-quantity=\"1\" class=\"button product_type_booking add_to_cart_button\" data-product_id=\"6660\" data-product_sku=\"\" aria-label=\"Lee m\u00e1s sobre &ldquo;Entrada D\u00eda Semana&rdquo;\" rel=\"nofollow\">Leer m\u00e1s<\/a>\t<span id=\"woocommerce_loop_add_to_cart_link_describedby_6660\" class=\"screen-reader-text\">\n\t\t\t<\/span>\n<\/li>\n<\/ul>\n<\/div>\t\t\t\t<\/div>\n\t\t\t\t<\/div>\n\t\t\t\t\t<\/div>\n\t\t<\/div>\n\t\t\t\t\t<\/div>\n\t\t<\/section>\n\t\t\t\t<section class=\"elementor-section elementor-top-section elementor-element elementor-element-324ba1d5 elementor-section-boxed elementor-section-height-default elementor-section-height-default\" data-id=\"324ba1d5\" data-element_type=\"section\">\n\t\t\t\t\t\t<div class=\"elementor-container elementor-column-gap-default\">\n\t\t\t\t\t<div class=\"elementor-column elementor-col-100 elementor-top-column elementor-element elementor-element-2740873c\" data-id=\"2740873c\" data-element_type=\"column\">\n\t\t\t<div class=\"elementor-widget-wrap elementor-element-populated\">\n\t\t\t\t\t\t<div class=\"elementor-element elementor-element-4ba301fd elementor-widget elementor-widget-text-editor\" data-id=\"4ba301fd\" data-element_type=\"widget\" data-widget_type=\"text-editor.default\">\n\t\t\t\t<div class=\"elementor-widget-container\">\n\t\t\t\t\t\t\t\t\t<h5><strong>Antes de tu visita<\/strong><\/h5><p data-start=\"132\" data-end=\"259\">Te recomendamos reservar con anticipaci\u00f3n para asegurar tu cupo, ya que las reservas se cierran con un d\u00eda de anticipaci\u00f3n.<\/p><p>No olvides traer:<\/p><ul><li>Botella de agua para mantenerte hidratado<\/li><li>Bloqueador solar<\/li><li>\u00a1Y todas las ganas de disfrutar nuestras instalaciones!<\/li><\/ul><h5><strong><br \/>Cambios y pol\u00edticas<\/strong><\/h5><ul data-start=\"441\" data-end=\"719\"><li data-start=\"441\" data-end=\"486\"><p data-start=\"443\" data-end=\"486\">No realizamos devoluciones de dinero<\/p><\/li><li data-start=\"487\" data-end=\"601\"><p data-start=\"489\" data-end=\"601\">Solo se permiten cambios de fecha, solicitados con un m\u00ednimo de 48 horas de anticipaci\u00f3n a tu reserva<\/p><\/li><li data-start=\"602\" data-end=\"719\"><p data-start=\"604\" data-end=\"719\">En caso de fuerza mayor (mal tiempo, cierre de puertos u otras situaciones externas), re-agendaremos tu visita<br \/><br \/><\/p><\/li><\/ul><div><h5 data-start=\"726\" data-end=\"752\"><strong>Tarifas especiales<\/strong><\/h5><ul data-start=\"754\" data-end=\"890\"><li data-start=\"754\" data-end=\"780\"><p data-start=\"756\" data-end=\"780\"><strong data-start=\"756\" data-end=\"766\">Ni\u00f1os:<\/strong> 2 a 12 a\u00f1os<\/p><\/li><li data-start=\"781\" data-end=\"840\"><p data-start=\"783\" data-end=\"840\"><strong data-start=\"783\" data-end=\"800\">Adulto Mayor:<\/strong> Desde los 60 a\u00f1os (mujeres y hombres)<\/p><\/li><li data-start=\"841\" data-end=\"890\"><p data-start=\"843\" data-end=\"890\"><strong data-start=\"843\" data-end=\"871\">Ni\u00f1os menores de 2 a\u00f1os:<\/strong> No pagan entrada<\/p><\/li><\/ul><p data-start=\"892\" data-end=\"972\">En todos los casos se solicitar\u00e1 c\u00e9dula de identidad para verificar la edad.<\/p><\/div>\t\t\t\t\t\t\t\t<\/div>\n\t\t\t\t<\/div>\n\t\t\t\t\t<\/div>\n\t\t<\/div>\n\t\t\t\t\t<\/div>\n\t\t<\/section>\n\t\t\t\t<\/div>\n\t\t","protected":false},"excerpt":{"rendered":"<p>Antes de tu visita Te recomendamos reservar con anticipaci\u00f3n para asegurar tu cupo, ya que las reservas se cierran con un d\u00eda de anticipaci\u00f3n. No olvides traer: Botella de agua para mantenerte hidratado Bloqueador solar \u00a1Y todas las ganas de disfrutar nuestras instalaciones! Cambios y pol\u00edticas No realizamos devoluciones de dinero Solo se permiten cambios [&hellip;]<\/p>\n","protected":false},"author":1,"featured_media":0,"parent":0,"menu_order":0,"comment_status":"closed","ping_status":"closed","template":"","meta":{"content-type":"","footnotes":""},"class_list":["post-576","page","type-page","status-publish","hentry"],"_links":{"self":[{"href":"https:\/\/termasdepichicolo.cl\/index.php?rest_route=\/wp\/v2\/pages\/576"}],"collection":[{"href":"https:\/\/termasdepichicolo.cl\/index.php?rest_route=\/wp\/v2\/pages"}],"about":[{"href":"https:\/\/termasdepichicolo.cl\/index.php?rest_route=\/wp\/v2\/types\/page"}],"author":[{"embeddable":true,"href":"https:\/\/termasdepichicolo.cl\/index.php?rest_route=\/wp\/v2\/users\/1"}],"replies":[{"embeddable":true,"href":"https:\/\/termasdepichicolo.cl\/index.php?rest_route=%2Fwp%2Fv2%2Fcomments&post=576"}],"version-history":[{"count":101,"href":"https:\/\/termasdepichicolo.cl\/index.php?rest_route=\/wp\/v2\/pages\/576\/revisions"}],"predecessor-version":[{"id":30499,"href":"https:\/\/termasdepichicolo.cl\/index.php?rest_route=\/wp\/v2\/pages\/576\/revisions\/30499"}],"wp:attachment":[{"href":"https:\/\/termasdepichicolo.cl\/index.php?rest_route=%2Fwp%2Fv2%2Fmedia&parent=576"}],"curies":[{"name":"wp","href":"https:\/\/api.w.org\/{rel}","templated":true}]}}